{"id":12612,"date":"2017-11-05T20:13:52","date_gmt":"2017-11-05T20:13:52","guid":{"rendered":"http:\/\/proje.istanbul\/?page_id=12612"},"modified":"2017-11-05T20:13:52","modified_gmt":"2017-11-05T20:13:52","slug":"ankarammo","status":"publish","type":"page","link":"http:\/\/proje.istanbul\/anasayfa\/ankarammo\/","title":{"rendered":"ANKARA MMO E\u011e\u0130T\u0130M\u0130"},"content":{"rendered":"<p><div class=\"fusion-fullwidth fullwidth-box hundred-percent-fullwidth non-hundred-percent-height-scrolling\"  style='background-color: rgba(255,255,255,0);background-position: center center;background-repeat: no-repeat;padding-top:0px;padding-right:0px;padding-bottom:0px;padding-left:0px;'><div class=\"fusion-builder-row fusion-row \"><div  class=\"fusion-layout-column fusion_builder_column fusion_builder_column_1_3 fusion-builder-column-1 fusion-one-third fusion-column-first 1_3\"  style='margin-top:0px;margin-bottom:20px;width:33.33%;width:calc(33.33% - ( ( 4% + 4% ) * 0.3333 ) );margin-right: 4%;'>\n\t\t\t\t\t<div class=\"fusion-column-wrapper\" style=\"background-position:left top;background-repeat:no-repeat;-webkit-background-size:cover;-moz-background-size:cover;-o-background-size:cover;background-size:cover;\"   data-bg-url=\"\">\n\t\t\t\t\t\t<span class=\"fusion-imageframe imageframe-none imageframe-1 hover-type-none\"><a href=\"http:\/\/proje.istanbul\/wp-content\/uploads\/2017\/11\/ankara-1.jpg\" class=\"fusion-lightbox\" data-rel=\"iLightbox[ANKARA MMO]\" data-caption=\"\" data-title=\"ANKARA MMO E\u011e\u0130T\u0130M\u0130\"><img loading=\"lazy\" src=\"http:\/\/proje.istanbul\/wp-content\/uploads\/2017\/11\/ankara-1-300x225.jpg\" width=\"300\" height=\"225\" alt=\"\" class=\"img-responsive wp-image-12614\"\/><\/a><\/span><div class=\"fusion-sep-clear\"><\/div><div class=\"fusion-separator fusion-full-width-sep sep-double sep-solid\" style=\"border-color:#e0dede;border-top-width:1px;border-bottom-width:1px;margin-left: auto;margin-right: auto;margin-top:;\"><\/div><span class=\"fusion-imageframe imageframe-none imageframe-2 hover-type-none\"><a href=\"http:\/\/proje.istanbul\/wp-content\/uploads\/2017\/11\/ankara-2.jpg\" class=\"fusion-lightbox\" data-rel=\"iLightbox[ANKARA MMO]\" data-caption=\"\" data-title=\"ANKARA MMO E\u011e\u0130T\u0130M\u0130\"><img loading=\"lazy\" src=\"http:\/\/proje.istanbul\/wp-content\/uploads\/2017\/11\/ankara-2-300x225.jpg\" width=\"300\" height=\"225\" alt=\"\" class=\"img-responsive wp-image-12615\"\/><\/a><\/span><div class=\"fusion-sep-clear\"><\/div><div class=\"fusion-separator fusion-full-width-sep sep-double sep-solid\" style=\"border-color:#e0dede;border-top-width:1px;border-bottom-width:1px;margin-left: auto;margin-right: auto;margin-top:;\"><\/div><div class=\"fusion-clearfix\"><\/div>\n\n\t\t\t\t\t<\/div>\n\t\t\t\t<\/div><div  class=\"fusion-layout-column fusion_builder_column fusion_builder_column_1_3 fusion-builder-column-2 fusion-one-third 1_3\"  style='margin-top:0px;margin-bottom:20px;width:33.33%;width:calc(33.33% - ( ( 4% + 4% ) * 0.3333 ) );margin-right: 4%;'>\n\t\t\t\t\t<div class=\"fusion-column-wrapper\" style=\"background-position:left top;background-repeat:no-repeat;-webkit-background-size:cover;-moz-background-size:cover;-o-background-size:cover;background-size:cover;\"   data-bg-url=\"\">\n\t\t\t\t\t\t<span class=\"fusion-imageframe imageframe-none imageframe-3 hover-type-none\"><a href=\"http:\/\/proje.istanbul\/wp-content\/uploads\/2017\/11\/ankara-4.jpg\" class=\"fusion-lightbox\" data-rel=\"iLightbox[ANKARA MMO]\" data-caption=\"\" data-title=\"ANKARA MMO E\u011e\u0130T\u0130M\u0130\"><img loading=\"lazy\" src=\"http:\/\/proje.istanbul\/wp-content\/uploads\/2017\/11\/ankara-4-300x225.jpg\" width=\"300\" height=\"225\" alt=\"\" class=\"img-responsive wp-image-12623\"\/><\/a><\/span><div class=\"fusion-sep-clear\"><\/div><div class=\"fusion-separator fusion-full-width-sep sep-double sep-solid\" style=\"border-color:#e0dede;border-top-width:1px;border-bottom-width:1px;margin-left: auto;margin-right: auto;margin-top:;\"><\/div><span class=\"fusion-imageframe imageframe-none imageframe-4 hover-type-none\"><a href=\"http:\/\/proje.istanbul\/wp-content\/uploads\/2017\/11\/ankara-3.jpg\" class=\"fusion-lightbox\" data-rel=\"iLightbox[ANKARA MMO]\" data-caption=\"\" data-title=\"ANKARA MMO E\u011e\u0130T\u0130M\u0130\"><img loading=\"lazy\" src=\"http:\/\/proje.istanbul\/wp-content\/uploads\/2017\/11\/ankara-3-300x225.jpg\" width=\"300\" height=\"225\" alt=\"\" class=\"img-responsive wp-image-12621\"\/><\/a><\/span><div class=\"fusion-sep-clear\"><\/div><div class=\"fusion-separator fusion-full-width-sep sep-double sep-solid\" style=\"border-color:#e0dede;border-top-width:1px;border-bottom-width:1px;margin-left: auto;margin-right: auto;margin-top:;\"><\/div><div class=\"fusion-clearfix\"><\/div>\n\n\t\t\t\t\t<\/div>\n\t\t\t\t<\/div><div  class=\"fusion-layout-column fusion_builder_column fusion_builder_column_1_3 fusion-builder-column-3 fusion-one-third fusion-column-last 1_3\"  style='margin-top:0px;margin-bottom:20px;width:33.33%;width:calc(33.33% - ( ( 4% + 4% ) * 0.3333 ) );'>\n\t\t\t\t\t<div class=\"fusion-column-wrapper\" style=\"background-position:left top;background-repeat:no-repeat;-webkit-background-size:cover;-moz-background-size:cover;-o-background-size:cover;background-size:cover;\"   data-bg-url=\"\">\n\t\t\t\t\t\t<span class=\"fusion-imageframe imageframe-none imageframe-5 hover-type-none\"><a href=\"http:\/\/proje.istanbul\/wp-content\/uploads\/2017\/11\/ankara-5.jpg\" class=\"fusion-lightbox\" data-rel=\"iLightbox[ANKARA MMO]\" data-caption=\"\" data-title=\"ANKARA MMO E\u011e\u0130T\u0130M\u0130\"><img loading=\"lazy\" src=\"http:\/\/proje.istanbul\/wp-content\/uploads\/2017\/11\/ankara-5-300x225.jpg\" width=\"300\" height=\"225\" alt=\"\" class=\"img-responsive wp-image-12625\"\/><\/a><\/span><div class=\"fusion-sep-clear\"><\/div><div class=\"fusion-separator fusion-full-width-sep sep-double sep-solid\" style=\"border-color:#e0dede;border-top-width:1px;border-bottom-width:1px;margin-left: auto;margin-right: auto;margin-top:;\"><\/div><div class=\"fusion-sep-clear\"><\/div><div class=\"fusion-separator fusion-full-width-sep sep-double sep-solid\" style=\"border-color:#e0dede;border-top-width:1px;border-bottom-width:1px;margin-left: auto;margin-right: auto;margin-top:;\"><\/div><span class=\"fusion-imageframe imageframe-none imageframe-6 hover-type-none\"><a href=\"http:\/\/proje.istanbul\/wp-content\/uploads\/2017\/11\/ankara-6.jpg\" class=\"fusion-lightbox\" data-rel=\"iLightbox[ANKARA MMO]\" data-caption=\"\" data-title=\"ANKARA MMO E\u011e\u0130T\u0130M\u0130\"><img loading=\"lazy\" src=\"http:\/\/proje.istanbul\/wp-content\/uploads\/2017\/11\/ankara-6-225x300.jpg\" width=\"225\" height=\"300\" alt=\"\" class=\"img-responsive wp-image-12626\"\/><\/a><\/span><div class=\"fusion-clearfix\"><\/div>\n\n\t\t\t\t\t<\/div>\n\t\t\t\t<\/div><\/div><\/div><div class=\"fusion-fullwidth fullwidth-box hundred-percent-fullwidth non-hundred-percent-height-scrolling\"  style='background-color: rgba(255,255,255,0);background-position: center center;background-repeat: no-repeat;padding-top:0px;padding-right:0px;padding-bottom:0px;padding-left:0px;'><div class=\"fusion-builder-row fusion-row \"><div  class=\"fusion-layout-column fusion_builder_column fusion_builder_column_1_1 fusion-builder-column-4 fusion-one-full fusion-column-first fusion-column-last fusion-column-no-min-height 1_1\"  style='margin-top:0px;margin-bottom:0px;'>\n\t\t\t\t\t<div class=\"fusion-column-wrapper\" style=\"background-position:left top;background-repeat:no-repeat;-webkit-background-size:cover;-moz-background-size:cover;-o-background-size:cover;background-size:cover;\"   data-bg-url=\"\">\n\t\t\t\t\t\t<div class=\"fusion-flip-boxes flip-boxes row fusion-columns-4 flip-effect-classic\"><div class=\"fusion-flip-box-wrapper fusion-column col-lg-3 col-md-3 col-sm-3\"><div class=\"fusion-flip-box flip-right\"><div class=\"flip-box-inner-wrapper\"><div class=\"flip-box-front\" style=\"background-color:rgba(246,246,246,0);border-color:rgba(0,0,0,0);border-radius:4px;border-style:solid;border-width:1px;color:#ff9800;transition-duration:0.4s;\"><div class=\"flip-box-front-inner\"><div class=\"flip-box-grafix flip-box-image\"><img src=\"http:\/\/www.proje.istanbul\/wp-content\/uploads\/2017\/01\/urun2.jpg\" width=\"200\" height=\"105\" alt=\"\" \/><\/div><h2 class=\"flip-box-heading without-text\" style=\"color:#ff9800;\">\u00dcR\u00dcNLER<\/h2><\/div><\/div><div class=\"flip-box-back\" style=\"background-color:rgba(255,144,0,0.65);border-color:rgba(0,0,0,0);border-radius:4px;border-style:solid;border-width:1px;color:#ffffff;transition-duration:0.4s;\"><div class=\"flip-box-back-inner\">\n<h3><strong><a href=\"http:\/\/www.proje.istanbul\/urunler\/\">\u00dcr\u00fcn detaylar\u0131 i\u00e7in t\u0131klay\u0131n\u0131z.<\/a><\/strong><\/h3>\n<\/div><\/div><\/div><\/div><\/div><div class=\"fusion-flip-box-wrapper fusion-column col-lg-3 col-md-3 col-sm-3\"><div class=\"fusion-flip-box flip-right\"><div class=\"flip-box-inner-wrapper\"><div class=\"flip-box-front\" style=\"background-color:rgba(246,246,246,0);border-color:rgba(0,0,0,0);border-radius:4px;border-style:solid;border-width:1px;color:#ff9800;transition-duration:0.4s;\"><div class=\"flip-box-front-inner\"><div class=\"flip-box-grafix flip-box-image\"><img src=\"http:\/\/www.proje.istanbul\/wp-content\/uploads\/2017\/01\/egitim.jpg\" width=\"200\" height=\"105\" alt=\"\" \/><\/div><h2 class=\"flip-box-heading without-text\" style=\"color:#ff9800;\">E\u011e\u0130T\u0130M<\/h2><\/div><\/div><div class=\"flip-box-back\" style=\"background-color:rgba(151,193,65,0.79);border-color:rgba(0,0,0,0);border-radius:4px;border-style:solid;border-width:1px;color:#000000;transition-duration:0.4s;\"><div class=\"flip-box-back-inner\">\n<h3><a href=\"http:\/\/www.proje.istanbul\/egitimhizmetleri\/\"><strong><span style=\"color: #000000;\">E\u011fitimlerimizi g\u00f6rmek i\u00e7in t\u0131klay\u0131n\u0131z.<\/span><\/strong><\/a><\/h3>\n<\/div><\/div><\/div><\/div><\/div><div class=\"fusion-flip-box-wrapper fusion-column col-lg-3 col-md-3 col-sm-3\"><div class=\"fusion-flip-box flip-right\"><div class=\"flip-box-inner-wrapper\"><div class=\"flip-box-front\" style=\"background-color:rgba(246,246,246,0);border-color:rgba(0,0,0,0);border-radius:4px;border-style:solid;border-width:1px;color:#ff9800;transition-duration:0.4s;\"><div class=\"flip-box-front-inner\"><div class=\"flip-box-grafix flip-box-image\"><img src=\"http:\/\/www.proje.istanbul\/wp-content\/uploads\/2017\/01\/danisma.jpg\" width=\"200\" height=\"105\" alt=\"\" \/><\/div><h2 class=\"flip-box-heading without-text\" style=\"color:#ff9800;\">DANI\u015eMANLIK<\/h2><\/div><\/div><div class=\"flip-box-back\" style=\"background-color:rgba(140,126,181,0.86);border-color:rgba(0,0,0,0);border-radius:4px;border-style:solid;border-width:1px;color:#000000;transition-duration:0.4s;\"><div class=\"flip-box-back-inner\">\n<h3><a href=\"http:\/\/www.proje.istanbul\/danismanlik-hizmetlerimiz\/\"><span style=\"color: #000000;\"><strong>Dan\u0131\u015fmanl\u0131k hizmetlerimiz i\u00e7in t\u0131klay\u0131n\u0131z.<\/strong><\/span><\/a><\/h3>\n<\/div><\/div><\/div><\/div><\/div><div class=\"fusion-flip-box-wrapper fusion-column col-lg-3 col-md-3 col-sm-3\"><div class=\"fusion-flip-box flip-right\"><div class=\"flip-box-inner-wrapper\"><div class=\"flip-box-front\" style=\"background-color:rgba(246,246,246,0);border-color:rgba(0,0,0,0);border-radius:4px;border-style:solid;border-width:1px;color:#ff9800;transition-duration:0.4s;\"><div class=\"flip-box-front-inner\"><div class=\"flip-box-grafix flip-box-image\"><img src=\"http:\/\/www.proje.istanbul\/wp-content\/uploads\/2017\/01\/duyuru.png\" width=\"200\" height=\"105\" alt=\"\" \/><\/div><h2 class=\"flip-box-heading without-text\" style=\"color:#ff9800;\">DUYURULAR<\/h2><\/div><\/div><div class=\"flip-box-back\" style=\"background-color:rgba(140,126,181,0.86);border-color:rgba(0,0,0,0);border-radius:4px;border-style:solid;border-width:1px;color:#000000;transition-duration:0.4s;\"><div class=\"flip-box-back-inner\">\n<h3><a href=\"http:\/\/www.proje.istanbul\/duyurular\/\"><span style=\"color: #000000;\"><strong>Duyurular\u00a0i\u00e7in t\u0131klay\u0131n\u0131z.<\/strong><\/span><\/a><\/h3>\n<\/div><\/div><\/div><\/div><\/div><\/div><div class=\"fusion-clearfix\"><\/div><div class=\"fusion-clearfix\"><\/div>\n\n\t\t\t\t\t<\/div>\n\t\t\t\t<\/div><\/div><\/div><\/p>\n","protected":false},"excerpt":{"rendered":"","protected":false},"author":1,"featured_media":0,"parent":0,"menu_order":0,"comment_status":"closed","ping_status":"closed","template":"","meta":[],"_links":{"self":[{"href":"http:\/\/proje.istanbul\/anasayfa\/wp-json\/wp\/v2\/pages\/12612"}],"collection":[{"href":"http:\/\/proje.istanbul\/anasayfa\/wp-json\/wp\/v2\/pages"}],"about":[{"href":"http:\/\/proje.istanbul\/anasayfa\/wp-json\/wp\/v2\/types\/page"}],"author":[{"embeddable":true,"href":"http:\/\/proje.istanbul\/anasayfa\/wp-json\/wp\/v2\/users\/1"}],"replies":[{"embeddable":true,"href":"http:\/\/proje.istanbul\/anasayfa\/wp-json\/wp\/v2\/comments?post=12612"}],"version-history":[{"count":0,"href":"http:\/\/proje.istanbul\/anasayfa\/wp-json\/wp\/v2\/pages\/12612\/revisions"}],"wp:attachment":[{"href":"http:\/\/proje.istanbul\/anasayfa\/wp-json\/wp\/v2\/media?parent=12612"}],"curies":[{"name":"wp","href":"https:\/\/api.w.org\/{rel}","templated":true}]}}