{"id":12502,"date":"2017-11-01T18:09:07","date_gmt":"2017-11-01T18:09:07","guid":{"rendered":"http:\/\/proje.istanbul\/?page_id=12502"},"modified":"2017-11-01T18:09:07","modified_gmt":"2017-11-01T18:09:07","slug":"sogutmagrubu","status":"publish","type":"page","link":"http:\/\/proje.istanbul\/anasayfa\/sogutmagrubu\/","title":{"rendered":"So\u011futma Grubu"},"content":{"rendered":"<p><div class=\"fusion-fullwidth fullwidth-box nonhundred-percent-fullwidth non-hundred-percent-height-scrolling\"  style='background-color: rgba(255,255,255,0);background-position: center center;background-repeat: no-repeat;padding-top:0px;padding-right:0px;padding-bottom:0px;padding-left:0px;'><div class=\"fusion-builder-row fusion-row \"><div  class=\"fusion-layout-column fusion_builder_column fusion_builder_column_1_1 fusion-builder-column-1 fusion-one-full fusion-column-first fusion-column-last fusion-column-no-min-height 1_1\"  style='margin-top:0px;margin-bottom:0px;'>\n\t\t\t\t\t<div class=\"fusion-column-wrapper\" style=\"background-position:left top;background-repeat:no-repeat;-webkit-background-size:cover;-moz-background-size:cover;-o-background-size:cover;background-size:cover;\"   data-bg-url=\"\">\n\t\t\t\t\t\t<div class=\"fusion-content-boxes content-boxes columns row fusion-columns-1 fusion-columns-total-1 fusion-content-boxes-1 content-boxes-icon-on-top content-left\" data-animationOffset=\"100%\" style=\"margin-top:0px;margin-bottom:60px;\"><style type=\"text\/css\" scoped=\"scoped\">.fusion-content-boxes-1 .heading .content-box-heading {color:#333333;}\n\t\t\t\t\t.fusion-content-boxes-1 .fusion-content-box-hover .link-area-link-icon-hover .heading .content-box-heading,\n\t\t\t\t\t.fusion-content-boxes-1 .fusion-content-box-hover .link-area-link-icon-hover .heading .heading-link .content-box-heading,\n\t\t\t\t\t.fusion-content-boxes-1 .fusion-content-box-hover .link-area-box-hover .heading .content-box-heading,\n\t\t\t\t\t.fusion-content-boxes-1 .fusion-content-box-hover .link-area-box-hover .heading .heading-link .content-box-heading,\n\t\t\t\t\t.fusion-content-boxes-1 .fusion-content-box-hover .link-area-link-icon-hover.link-area-box .fusion-read-more,\n\t\t\t\t\t.fusion-content-boxes-1 .fusion-content-box-hover .link-area-link-icon-hover.link-area-box .fusion-read-more::after,\n\t\t\t\t\t.fusion-content-boxes-1 .fusion-content-box-hover .link-area-link-icon-hover.link-area-box .fusion-read-more::before,\n\t\t\t\t\t.fusion-content-boxes-1 .fusion-content-box-hover .fusion-read-more:hover:after,\n\t\t\t\t\t.fusion-content-boxes-1 .fusion-content-box-hover .fusion-read-more:hover:before,\n\t\t\t\t\t.fusion-content-boxes-1 .fusion-content-box-hover .fusion-read-more:hover,\n\t\t\t\t\t.fusion-content-boxes-1 .fusion-content-box-hover .link-area-box-hover.link-area-box .fusion-read-more,\n\t\t\t\t\t.fusion-content-boxes-1 .fusion-content-box-hover .link-area-box-hover.link-area-box .fusion-read-more::after,\n\t\t\t\t\t.fusion-content-boxes-1 .fusion-content-box-hover .link-area-box-hover.link-area-box .fusion-read-more::before,\n\t\t\t\t\t.fusion-content-boxes-1 .fusion-content-box-hover .link-area-link-icon-hover .icon .circle-no,\n\t\t\t\t\t.fusion-content-boxes-1 .heading .heading-link:hover .content-box-heading {\n\t\t\t\t\t\tcolor: #ff9800;\n\t\t\t\t\t}\n\t\t\t\t\t.fusion-content-boxes-1 .fusion-content-box-hover .link-area-box-hover .icon .circle-no {\n\t\t\t\t\t\tcolor: #ff9800 !important;\n\t\t\t\t\t}.fusion-content-boxes-1 .fusion-content-box-hover .link-area-box.link-area-box-hover .fusion-content-box-button {background: #96c346;color: #ffffff;}.fusion-content-boxes-1 .fusion-content-box-hover .link-area-box.link-area-box-hover .fusion-content-box-button .fusion-button-text {color: #ffffff;}\n\t\t\t\t\t.fusion-content-boxes-1 .fusion-content-box-hover .link-area-link-icon-hover .heading .icon > span {\n\t\t\t\t\t\tbackground-color: #ff9800 !important;\n\t\t\t\t\t}\n\t\t\t\t\t.fusion-content-boxes-1 .fusion-content-box-hover .link-area-box-hover .heading .icon > span {\n\t\t\t\t\t\tborder-color: #ff9800 !important;\n\t\t\t\t\t}<\/style><div class=\"fusion-column content-box-column content-box-column content-box-column-1 col-lg-12 col-md-12 col-sm-12 fusion-content-box-hover  content-box-column-last\"><div class=\"col content-box-wrapper content-wrapper link-area-link-icon icon-hover-animation-fade\" style=\"background-color:rgba(255,255,255,0);\" data-animationOffset=\"100%\"><div class=\"fusion-clearfix\"><\/div><div class=\"content-container\" style=\"color:#747474;\">\n<h3 style=\"text-align: center;\"><span style=\"color: #000000;\"><img loading=\"lazy\" class=\"alignleft wp-image-12175 size-full\" src=\"http:\/\/www.proje.istanbul\/wp-content\/uploads\/2017\/01\/SogutmaGrubu-Win-PACK-copy.jpg\" width=\"350\" height=\"233\" \/><\/span><\/h3>\n<h3 style=\"text-align: center;\"><strong><span style=\"color: #ff9900;\">So\u011futma Grubu<\/span><\/strong><\/h3>\n<p style=\"text-align: justify;\"><span style=\"color: #000000;\">\u00dcntes A.\u015e. kuruldu\u011fu 1968 y\u0131l\u0131ndan bu yana sahip oldu\u011fu teknik bilgi birikimi ve farkl\u0131 co\u011frafyalara a\u00e7\u0131larak edinmi\u015f oldu\u011fu tecr\u00fcbeleri ile sekt\u00f6r\u00fcn\u00fcn \u00f6nde gelen firmalar\u0131ndand\u0131r. Sekt\u00f6rdeki bilgi birikimlerine T\u00dcB\u0130TAK\u2019\u0131n da deste\u011fini katarak olu\u015fturdu\u011fu cihazlar\u0131n\u0131, EUROVENT sertifikasyon kurulu\u015flar\u0131 arac\u0131l\u0131\u011f\u0131 ile T\u00dcV laboratuar\u0131nda test ettirerek, \u00fcr\u00fcnlerin d\u00fcnya standard\u0131nda oldu\u011funu kan\u0131tlam\u0131\u015ft\u0131r. Elde etti\u011fi bu ba\u015far\u0131 \u00e7\u0131tas\u0131n\u0131 ISO 9001:2008 Kalite sistemi ile muhafaza etmektedir.<\/span><\/p>\n<p style=\"text-align: justify;\"><span style=\"color: #000000;\">1.700 m3\/h \u2018ten 120.000 m3\/h \u2018e kadar hava debisi aral\u0131\u011f\u0131nda, 23 farkl\u0131 tip \u00fcnite b\u00fcy\u00fckl\u00fc\u011f\u00fc sa\u011flanmaktad\u0131r.<\/span><\/p>\n<p style=\"text-align: justify;\"><span style=\"color: #000000;\">PK 25 modeli 25 mm, PKH 50 modeli50 mm, PKC 60 modeli ise 60 mm panel kal\u0131nl\u0131\u011f\u0131nda olmak \u00fczere 3 farkl\u0131 panel kal\u0131nl\u0131\u011f\u0131nda \u00fcretim yap\u0131lmaktad\u0131r. Ayr\u0131ca 50 mm Panel kal\u0131nl\u0131\u011f\u0131nda imal edilen PKH 50 Hijyenik modeli ile de hastane ve benzeri temiz oda uygulamalar\u0131na \u00e7\u00f6z\u00fcmler sunmaktad\u0131r.<\/span><\/p>\n<p style=\"text-align: justify;\"><span style=\"color: #000000;\">Ta\u015f y\u00fcn\u00fc,cam y\u00fcn\u00fc veya poli\u00fcretan gibi farkl\u0131 panel dolgu malzemesi se\u00e7enekleri sunulmaktad\u0131r. 0,75 mm \u2018den 1.2 mm \u2018ye kadar sac kal\u0131nl\u0131k alternatifi sunulmaktad\u0131r.<\/span><\/p>\n<p style=\"text-align: justify;\"><span style=\"color: #000000;\">Galvaniz, paslanmaz, al\u00fcminyum ve PVC kapl\u0131 sac gibi bir \u00e7ok alternatif panel materyali kullan\u0131labilinmektedir.<\/span><\/p>\n<p style=\"text-align: left;\"><span style=\"color: #000000;\">EUROVENT firmas\u0131 arac\u0131l\u0131\u011f\u0131yla T\u00dcV laboratuarlar\u0131nda yap\u0131lan testlerde cihazlar\u0131n performans de\u011ferleri \u00f6l\u00e7\u00fclm\u00fc\u015f ve \u00dcNTES Klima Santral\u0131 Se\u00e7im Program\u0131\u2019ndan al\u0131nan performans de\u011ferlerine uygunlu\u011fu belgelenmi\u015ftir. Bu testler ile birlikte yap\u0131lan mekanik testler sonucunda \u00dcNTES Klima Santrallerinin EN 1886 standartlar\u0131na g\u00f6re s\u0131n\u0131f de\u011ferlerini sa\u011flad\u0131\u011f\u0131 onaylanm\u0131\u015ft\u0131r.<\/span><\/p>\n<p style=\"text-align: left;\"><span style=\"color: #ff9900;\"><strong><a style=\"color: #ff9900;\" href=\"http:\/\/www.proje.istanbul\/So\u011futmaGruplar\u0131.pdf\">\u00dcr\u00fcn Katalo\u011fu i\u00e7in t\u0131klay\u0131n\u0131z.<\/a><\/strong><\/span><\/p>\n<\/div><\/div><\/div><style type=\"text\/css\" scoped=\"scoped\">\n\t\t\t\t\t\t.fusion-content-boxes-1 .fusion-content-box-hover .heading-link:hover .icon i.circle-yes,\n\t\t\t\t\t\t.fusion-content-boxes-1 .fusion-content-box-hover .link-area-box:hover .heading-link .icon i.circle-yes,\n\t\t\t\t\t\t.fusion-content-boxes-1 .fusion-content-box-hover .link-area-link-icon-hover .heading .icon i.circle-yes,\n\t\t\t\t\t\t.fusion-content-boxes-1 .fusion-content-box-hover .link-area-box-hover .heading .icon i.circle-yes {\n\t\t\t\t\t\t\tbackground-color: #ff9800 !important;\n\t\t\t\t\t\t\tborder-color: #ff9800 !important;\n\t\t\t\t\t\t}<\/style><div class=\"fusion-clearfix\"><\/div><\/div><div class=\"fusion-clearfix\"><\/div>\n\n\t\t\t\t\t<\/div>\n\t\t\t\t<\/div><\/div><\/div><div class=\"fusion-fullwidth fullwidth-box hundred-percent-fullwidth non-hundred-percent-height-scrolling\"  style='background-color: rgba(255,255,255,0);background-position: center center;background-repeat: no-repeat;padding-top:0px;padding-right:0px;padding-bottom:0px;padding-left:0px;'><div class=\"fusion-builder-row fusion-row \"><div  class=\"fusion-layout-column fusion_builder_column fusion_builder_column_1_1 fusion-builder-column-2 fusion-one-full fusion-column-first fusion-column-last fusion-column-no-min-height 1_1\"  style='margin-top:0px;margin-bottom:0px;'>\n\t\t\t\t\t<div class=\"fusion-column-wrapper\" style=\"background-position:left top;background-repeat:no-repeat;-webkit-background-size:cover;-moz-background-size:cover;-o-background-size:cover;background-size:cover;\"   data-bg-url=\"\">\n\t\t\t\t\t\t<div class=\"fusion-flip-boxes flip-boxes row fusion-columns-4 flip-effect-classic\"><div class=\"fusion-flip-box-wrapper fusion-column col-lg-3 col-md-3 col-sm-3\"><div class=\"fusion-flip-box flip-right\"><div class=\"flip-box-inner-wrapper\"><div class=\"flip-box-front\" style=\"background-color:rgba(246,246,246,0);border-color:rgba(0,0,0,0);border-radius:4px;border-style:solid;border-width:1px;color:#ff9800;transition-duration:0.4s;\"><div class=\"flip-box-front-inner\"><div class=\"flip-box-grafix flip-box-image\"><img src=\"http:\/\/www.proje.istanbul\/wp-content\/uploads\/2017\/01\/urun2.jpg\" width=\"200\" height=\"105\" alt=\"\" \/><\/div><h2 class=\"flip-box-heading without-text\" style=\"color:#ff9800;\">\u00dcR\u00dcNLER<\/h2><\/div><\/div><div class=\"flip-box-back\" style=\"background-color:rgba(255,144,0,0.65);border-color:rgba(0,0,0,0);border-radius:4px;border-style:solid;border-width:1px;color:#ffffff;transition-duration:0.4s;\"><div class=\"flip-box-back-inner\">\n<h3><strong><a href=\"http:\/\/www.proje.istanbul\/urunler\/\">\u00dcr\u00fcn detaylar\u0131 i\u00e7in t\u0131klay\u0131n\u0131z.<\/a><\/strong><\/h3>\n<\/div><\/div><\/div><\/div><\/div><div class=\"fusion-flip-box-wrapper fusion-column col-lg-3 col-md-3 col-sm-3\"><div class=\"fusion-flip-box flip-right\"><div class=\"flip-box-inner-wrapper\"><div class=\"flip-box-front\" style=\"background-color:rgba(246,246,246,0);border-color:rgba(0,0,0,0);border-radius:4px;border-style:solid;border-width:1px;color:#ff9800;transition-duration:0.4s;\"><div class=\"flip-box-front-inner\"><div class=\"flip-box-grafix flip-box-image\"><img src=\"http:\/\/www.proje.istanbul\/wp-content\/uploads\/2017\/01\/egitim.jpg\" width=\"200\" height=\"105\" alt=\"\" \/><\/div><h2 class=\"flip-box-heading without-text\" style=\"color:#ff9800;\">E\u011e\u0130T\u0130M<\/h2><\/div><\/div><div class=\"flip-box-back\" style=\"background-color:rgba(151,193,65,0.79);border-color:rgba(0,0,0,0);border-radius:4px;border-style:solid;border-width:1px;color:#000000;transition-duration:0.4s;\"><div class=\"flip-box-back-inner\">\n<h3><a href=\"http:\/\/www.proje.istanbul\/egitimhizmetleri\/\"><strong><span style=\"color: #000000;\">E\u011fitimlerimizi g\u00f6rmek i\u00e7in t\u0131klay\u0131n\u0131z.<\/span><\/strong><\/a><\/h3>\n<\/div><\/div><\/div><\/div><\/div><div class=\"fusion-flip-box-wrapper fusion-column col-lg-3 col-md-3 col-sm-3\"><div class=\"fusion-flip-box flip-right\"><div class=\"flip-box-inner-wrapper\"><div class=\"flip-box-front\" style=\"background-color:rgba(246,246,246,0);border-color:rgba(0,0,0,0);border-radius:4px;border-style:solid;border-width:1px;color:#ff9800;transition-duration:0.4s;\"><div class=\"flip-box-front-inner\"><div class=\"flip-box-grafix flip-box-image\"><img src=\"http:\/\/www.proje.istanbul\/wp-content\/uploads\/2017\/01\/danisma.jpg\" width=\"200\" height=\"105\" alt=\"\" \/><\/div><h2 class=\"flip-box-heading without-text\" style=\"color:#ff9800;\">DANI\u015eMANLIK<\/h2><\/div><\/div><div class=\"flip-box-back\" style=\"background-color:rgba(140,126,181,0.86);border-color:rgba(0,0,0,0);border-radius:4px;border-style:solid;border-width:1px;color:#000000;transition-duration:0.4s;\"><div class=\"flip-box-back-inner\">\n<h3><a href=\"http:\/\/www.proje.istanbul\/danismanlik-hizmetlerimiz\/\"><span style=\"color: #000000;\"><strong>Dan\u0131\u015fmanl\u0131k hizmetlerimiz i\u00e7in t\u0131klay\u0131n\u0131z.<\/strong><\/span><\/a><\/h3>\n<\/div><\/div><\/div><\/div><\/div><div class=\"fusion-flip-box-wrapper fusion-column col-lg-3 col-md-3 col-sm-3\"><div class=\"fusion-flip-box flip-right\"><div class=\"flip-box-inner-wrapper\"><div class=\"flip-box-front\" style=\"background-color:rgba(246,246,246,0);border-color:rgba(0,0,0,0);border-radius:4px;border-style:solid;border-width:1px;color:#ff9800;transition-duration:0.4s;\"><div class=\"flip-box-front-inner\"><div class=\"flip-box-grafix flip-box-image\"><img src=\"http:\/\/www.proje.istanbul\/wp-content\/uploads\/2017\/01\/duyuru.png\" width=\"200\" height=\"105\" alt=\"\" \/><\/div><h2 class=\"flip-box-heading without-text\" style=\"color:#ff9800;\">DUYURULAR<\/h2><\/div><\/div><div class=\"flip-box-back\" style=\"background-color:rgba(140,126,181,0.86);border-color:rgba(0,0,0,0);border-radius:4px;border-style:solid;border-width:1px;color:#000000;transition-duration:0.4s;\"><div class=\"flip-box-back-inner\">\n<h3><a href=\"http:\/\/www.proje.istanbul\/duyurular\/\"><span style=\"color: #000000;\"><strong>Duyurular\u00a0i\u00e7in t\u0131klay\u0131n\u0131z.<\/strong><\/span><\/a><\/h3>\n<\/div><\/div><\/div><\/div><\/div><\/div><div class=\"fusion-clearfix\"><\/div><div class=\"fusion-clearfix\"><\/div>\n\n\t\t\t\t\t<\/div>\n\t\t\t\t<\/div><\/div><\/div><\/p>\n","protected":false},"excerpt":{"rendered":"","protected":false},"author":1,"featured_media":0,"parent":0,"menu_order":0,"comment_status":"closed","ping_status":"closed","template":"","meta":[],"_links":{"self":[{"href":"http:\/\/proje.istanbul\/anasayfa\/wp-json\/wp\/v2\/pages\/12502"}],"collection":[{"href":"http:\/\/proje.istanbul\/anasayfa\/wp-json\/wp\/v2\/pages"}],"about":[{"href":"http:\/\/proje.istanbul\/anasayfa\/wp-json\/wp\/v2\/types\/page"}],"author":[{"embeddable":true,"href":"http:\/\/proje.istanbul\/anasayfa\/wp-json\/wp\/v2\/users\/1"}],"replies":[{"embeddable":true,"href":"http:\/\/proje.istanbul\/anasayfa\/wp-json\/wp\/v2\/comments?post=12502"}],"version-history":[{"count":0,"href":"http:\/\/proje.istanbul\/anasayfa\/wp-json\/wp\/v2\/pages\/12502\/revisions"}],"wp:attachment":[{"href":"http:\/\/proje.istanbul\/anasayfa\/wp-json\/wp\/v2\/media?parent=12502"}],"curies":[{"name":"wp","href":"https:\/\/api.w.org\/{rel}","templated":true}]}}