{"id":12063,"date":"2017-07-01T22:16:25","date_gmt":"2017-07-01T22:16:25","guid":{"rendered":"http:\/\/belgelendirme.istanbul\/?page_id=12063"},"modified":"2017-07-01T22:16:25","modified_gmt":"2017-07-01T22:16:25","slug":"insankaynaklari","status":"publish","type":"page","link":"http:\/\/proje.istanbul\/anasayfa\/insankaynaklari\/","title":{"rendered":"\u0130nsan Kaynaklar\u0131"},"content":{"rendered":"<p><div class=\"fusion-fullwidth fullwidth-box nonhundred-percent-fullwidth non-hundred-percent-height-scrolling\"  style='background-color: rgba(255,255,255,0);background-position: center center;background-repeat: no-repeat;padding-top:0px;padding-right:0px;padding-bottom:0px;padding-left:0px;'><div class=\"fusion-builder-row fusion-row \"><div  class=\"fusion-layout-column fusion_builder_column fusion_builder_column_1_1 fusion-builder-column-1 fusion-one-full fusion-column-first fusion-column-last fusion-column-no-min-height 1_1\"  style='margin-top:0px;margin-bottom:0px;'>\n\t\t\t\t\t<div class=\"fusion-column-wrapper\" style=\"background-position:left top;background-repeat:no-repeat;-webkit-background-size:cover;-moz-background-size:cover;-o-background-size:cover;background-size:cover;\"   data-bg-url=\"\">\n\t\t\t\t\t\t<div class=\"fusion-content-boxes content-boxes columns row fusion-columns-1 fusion-columns-total-1 fusion-content-boxes-1 content-boxes-icon-on-top content-left\" data-animationOffset=\"100%\" style=\"margin-top:0px;margin-bottom:60px;\"><style type=\"text\/css\" scoped=\"scoped\">.fusion-content-boxes-1 .heading .content-box-heading {color:#333333;}\n\t\t\t\t\t.fusion-content-boxes-1 .fusion-content-box-hover .link-area-link-icon-hover .heading .content-box-heading,\n\t\t\t\t\t.fusion-content-boxes-1 .fusion-content-box-hover .link-area-link-icon-hover .heading .heading-link .content-box-heading,\n\t\t\t\t\t.fusion-content-boxes-1 .fusion-content-box-hover .link-area-box-hover .heading .content-box-heading,\n\t\t\t\t\t.fusion-content-boxes-1 .fusion-content-box-hover .link-area-box-hover .heading .heading-link .content-box-heading,\n\t\t\t\t\t.fusion-content-boxes-1 .fusion-content-box-hover .link-area-link-icon-hover.link-area-box .fusion-read-more,\n\t\t\t\t\t.fusion-content-boxes-1 .fusion-content-box-hover .link-area-link-icon-hover.link-area-box .fusion-read-more::after,\n\t\t\t\t\t.fusion-content-boxes-1 .fusion-content-box-hover .link-area-link-icon-hover.link-area-box .fusion-read-more::before,\n\t\t\t\t\t.fusion-content-boxes-1 .fusion-content-box-hover .fusion-read-more:hover:after,\n\t\t\t\t\t.fusion-content-boxes-1 .fusion-content-box-hover .fusion-read-more:hover:before,\n\t\t\t\t\t.fusion-content-boxes-1 .fusion-content-box-hover .fusion-read-more:hover,\n\t\t\t\t\t.fusion-content-boxes-1 .fusion-content-box-hover .link-area-box-hover.link-area-box .fusion-read-more,\n\t\t\t\t\t.fusion-content-boxes-1 .fusion-content-box-hover .link-area-box-hover.link-area-box .fusion-read-more::after,\n\t\t\t\t\t.fusion-content-boxes-1 .fusion-content-box-hover .link-area-box-hover.link-area-box .fusion-read-more::before,\n\t\t\t\t\t.fusion-content-boxes-1 .fusion-content-box-hover .link-area-link-icon-hover .icon .circle-no,\n\t\t\t\t\t.fusion-content-boxes-1 .heading .heading-link:hover .content-box-heading {\n\t\t\t\t\t\tcolor: #ff9800;\n\t\t\t\t\t}\n\t\t\t\t\t.fusion-content-boxes-1 .fusion-content-box-hover .link-area-box-hover .icon .circle-no {\n\t\t\t\t\t\tcolor: #ff9800 !important;\n\t\t\t\t\t}.fusion-content-boxes-1 .fusion-content-box-hover .link-area-box.link-area-box-hover .fusion-content-box-button {background: #96c346;color: #ffffff;}.fusion-content-boxes-1 .fusion-content-box-hover .link-area-box.link-area-box-hover .fusion-content-box-button .fusion-button-text {color: #ffffff;}\n\t\t\t\t\t.fusion-content-boxes-1 .fusion-content-box-hover .link-area-link-icon-hover .heading .icon > span {\n\t\t\t\t\t\tbackground-color: #ff9800 !important;\n\t\t\t\t\t}\n\t\t\t\t\t.fusion-content-boxes-1 .fusion-content-box-hover .link-area-box-hover .heading .icon > span {\n\t\t\t\t\t\tborder-color: #ff9800 !important;\n\t\t\t\t\t}<\/style><div class=\"fusion-column content-box-column content-box-column content-box-column-1 col-lg-12 col-md-12 col-sm-12 fusion-content-box-hover  content-box-column-last\"><div class=\"col content-box-wrapper content-wrapper link-area-link-icon icon-hover-animation-fade\" style=\"background-color:rgba(255,255,255,0);\" data-animationOffset=\"100%\"><div class=\"fusion-clearfix\"><\/div><div class=\"content-container\" style=\"color:#747474;\">\n<h3 style=\"text-align: center;\"><strong><span style=\"color: #ff9900;\">\u0130NSAN KAYNAKLARI<\/span><\/strong><\/h3>\n<p style=\"text-align: justify;\"><span style=\"color: #000000;\">\u0130nsan en \u00f6nemli sermayemizdir. Be\u015feri Sermaye kurumumuzun lideri, tak\u0131m\u0131m\u0131z\u0131n kendisidir. \u015eirketimizin ruhu ve \u00f6z\u00fc \u00e7al\u0131\u015fanlar\u0131m\u0131za ba\u011fl\u0131l\u0131ktan ve \u00e7al\u0131\u015fanlar\u0131m\u0131za olan ko\u015fulsuz g\u00fcven ve sayg\u0131dan ge\u00e7er. \u00c7al\u0131\u015fanlar\u0131m\u0131z ailemizin birer \u00fcyesidir.<\/span><\/p>\n<p style=\"text-align: justify;\"><span style=\"color: #000000;\">Tak\u0131m arkada\u015flar\u0131m\u0131z\u0131n s\u00fcrekli olarak bilgi, beceri ve yeteneklerinin geli\u015ftirilmesi \u00f6nceli\u011fimizdir. Tek hedef mutlu bir ekip olmak, ba\u011fl\u0131 da\u011f\u0131t\u0131m a\u011f\u0131 ve ba\u011fl\u0131 m\u00fc\u015fterileri olan, kopmaz bir \u00f6rg\u00fct olmakt\u0131r.<\/span><\/p>\n<p style=\"text-align: justify;\"><span style=\"color: #000000;\">Bu a\u00e7\u0131dan ekibimizde bulunan ve kat\u0131lan her birey \u00f6zeldir. Cinsiyet, inan\u00e7, k\u00fclt\u00fcr farkl\u0131l\u0131klar\u0131na bak\u0131lmaks\u0131z\u0131n ekip arkada\u015f\u0131m\u0131z\u0131n \u015firket ve sistemlerimize kataca\u011f\u0131 katk\u0131ya konsantreyiz.<\/span><\/p>\n<p style=\"text-align: justify;\"><span style=\"color: #000000;\">De\u011fer katan, de\u011fer g\u00f6ren, de\u011fer veren, mutlu, huzurlu, dinamik, \u00e7al\u0131\u015fkan, \u00e7ok \u00e7al\u0131\u015fan, y\u0131lmayan, zorlu projeleri seven, azimli, rekabet\u00e7i, h\u0131zl\u0131 ve teknik bilgi ve becerisi \u00e7ok geli\u015fmi\u015f, gen\u00e7 ve s\u00fcrekli enerjik bir tak\u0131m\u0131z.<\/span><\/p>\n<\/div><\/div><\/div><style type=\"text\/css\" scoped=\"scoped\">\n\t\t\t\t\t\t.fusion-content-boxes-1 .fusion-content-box-hover .heading-link:hover .icon i.circle-yes,\n\t\t\t\t\t\t.fusion-content-boxes-1 .fusion-content-box-hover .link-area-box:hover .heading-link .icon i.circle-yes,\n\t\t\t\t\t\t.fusion-content-boxes-1 .fusion-content-box-hover .link-area-link-icon-hover .heading .icon i.circle-yes,\n\t\t\t\t\t\t.fusion-content-boxes-1 .fusion-content-box-hover .link-area-box-hover .heading .icon i.circle-yes {\n\t\t\t\t\t\t\tbackground-color: #ff9800 !important;\n\t\t\t\t\t\t\tborder-color: #ff9800 !important;\n\t\t\t\t\t\t}<\/style><div class=\"fusion-clearfix\"><\/div><\/div><div class=\"fusion-clearfix\"><\/div>\n\n\t\t\t\t\t<\/div>\n\t\t\t\t<\/div><\/div><\/div><div class=\"fusion-fullwidth fullwidth-box hundred-percent-fullwidth non-hundred-percent-height-scrolling\"  style='background-color: rgba(255,255,255,0);background-position: center center;background-repeat: no-repeat;padding-top:0px;padding-right:0px;padding-bottom:0px;padding-left:0px;'><div class=\"fusion-builder-row fusion-row \"><div  class=\"fusion-layout-column fusion_builder_column fusion_builder_column_1_1 fusion-builder-column-2 fusion-one-full fusion-column-first fusion-column-last fusion-column-no-min-height 1_1\"  style='margin-top:0px;margin-bottom:0px;'>\n\t\t\t\t\t<div class=\"fusion-column-wrapper\" style=\"background-position:left top;background-repeat:no-repeat;-webkit-background-size:cover;-moz-background-size:cover;-o-background-size:cover;background-size:cover;\"   data-bg-url=\"\">\n\t\t\t\t\t\t<div class=\"fusion-flip-boxes flip-boxes row fusion-columns-4 flip-effect-classic\"><div class=\"fusion-flip-box-wrapper fusion-column col-lg-3 col-md-3 col-sm-3\"><div class=\"fusion-flip-box flip-right\"><div class=\"flip-box-inner-wrapper\"><div class=\"flip-box-front\" style=\"background-color:rgba(246,246,246,0);border-color:rgba(0,0,0,0);border-radius:4px;border-style:solid;border-width:1px;color:#ff9800;transition-duration:0.4s;\"><div class=\"flip-box-front-inner\"><div class=\"flip-box-grafix flip-box-image\"><img src=\"http:\/\/www.proje.istanbul\/wp-content\/uploads\/2017\/01\/urun2.jpg\" width=\"200\" height=\"105\" alt=\"\" \/><\/div><h2 class=\"flip-box-heading without-text\" style=\"color:#ff9800;\">\u00dcR\u00dcNLER<\/h2><\/div><\/div><div class=\"flip-box-back\" style=\"background-color:rgba(255,144,0,0.65);border-color:rgba(0,0,0,0);border-radius:4px;border-style:solid;border-width:1px;color:#ffffff;transition-duration:0.4s;\"><div class=\"flip-box-back-inner\">\n<h3><strong><a href=\"http:\/\/www.proje.istanbul\/urunler\/\">\u00dcr\u00fcn detaylar\u0131 i\u00e7in t\u0131klay\u0131n\u0131z.<\/a><\/strong><\/h3>\n<\/div><\/div><\/div><\/div><\/div><div class=\"fusion-flip-box-wrapper fusion-column col-lg-3 col-md-3 col-sm-3\"><div class=\"fusion-flip-box flip-right\"><div class=\"flip-box-inner-wrapper\"><div class=\"flip-box-front\" style=\"background-color:rgba(246,246,246,0);border-color:rgba(0,0,0,0);border-radius:4px;border-style:solid;border-width:1px;color:#ff9800;transition-duration:0.4s;\"><div class=\"flip-box-front-inner\"><div class=\"flip-box-grafix flip-box-image\"><img src=\"http:\/\/www.proje.istanbul\/wp-content\/uploads\/2017\/01\/egitim.jpg\" width=\"200\" height=\"105\" alt=\"\" \/><\/div><h2 class=\"flip-box-heading without-text\" style=\"color:#ff9800;\">E\u011e\u0130T\u0130M<\/h2><\/div><\/div><div class=\"flip-box-back\" style=\"background-color:rgba(151,193,65,0.79);border-color:rgba(0,0,0,0);border-radius:4px;border-style:solid;border-width:1px;color:#000000;transition-duration:0.4s;\"><div class=\"flip-box-back-inner\">\n<h3><a href=\"http:\/\/www.proje.istanbul\/egitimhizmetleri\/\"><strong><span style=\"color: #000000;\">E\u011fitimlerimizi g\u00f6rmek i\u00e7in t\u0131klay\u0131n\u0131z.<\/span><\/strong><\/a><\/h3>\n<\/div><\/div><\/div><\/div><\/div><div class=\"fusion-flip-box-wrapper fusion-column col-lg-3 col-md-3 col-sm-3\"><div class=\"fusion-flip-box flip-right\"><div class=\"flip-box-inner-wrapper\"><div class=\"flip-box-front\" style=\"background-color:rgba(246,246,246,0);border-color:rgba(0,0,0,0);border-radius:4px;border-style:solid;border-width:1px;color:#ff9800;transition-duration:0.4s;\"><div class=\"flip-box-front-inner\"><div class=\"flip-box-grafix flip-box-image\"><img src=\"http:\/\/www.proje.istanbul\/wp-content\/uploads\/2017\/01\/danisma.jpg\" width=\"200\" height=\"105\" alt=\"\" \/><\/div><h2 class=\"flip-box-heading without-text\" style=\"color:#ff9800;\">DANI\u015eMANLIK<\/h2><\/div><\/div><div class=\"flip-box-back\" style=\"background-color:rgba(140,126,181,0.86);border-color:rgba(0,0,0,0);border-radius:4px;border-style:solid;border-width:1px;color:#000000;transition-duration:0.4s;\"><div class=\"flip-box-back-inner\">\n<h3><a href=\"http:\/\/www.proje.istanbul\/danismanlik-hizmetlerimiz\/\"><span style=\"color: #000000;\"><strong>Dan\u0131\u015fmanl\u0131k hizmetlerimiz i\u00e7in t\u0131klay\u0131n\u0131z.<\/strong><\/span><\/a><\/h3>\n<\/div><\/div><\/div><\/div><\/div><div class=\"fusion-flip-box-wrapper fusion-column col-lg-3 col-md-3 col-sm-3\"><div class=\"fusion-flip-box flip-right\"><div class=\"flip-box-inner-wrapper\"><div class=\"flip-box-front\" style=\"background-color:rgba(246,246,246,0);border-color:rgba(0,0,0,0);border-radius:4px;border-style:solid;border-width:1px;color:#ff9800;transition-duration:0.4s;\"><div class=\"flip-box-front-inner\"><div class=\"flip-box-grafix flip-box-image\"><img src=\"http:\/\/www.proje.istanbul\/wp-content\/uploads\/2017\/01\/duyuru.png\" width=\"200\" height=\"105\" alt=\"\" \/><\/div><h2 class=\"flip-box-heading without-text\" style=\"color:#ff9800;\">DUYURULAR<\/h2><\/div><\/div><div class=\"flip-box-back\" style=\"background-color:rgba(140,126,181,0.86);border-color:rgba(0,0,0,0);border-radius:4px;border-style:solid;border-width:1px;color:#000000;transition-duration:0.4s;\"><div class=\"flip-box-back-inner\">\n<h3><a href=\"http:\/\/www.proje.istanbul\/duyurular\/\"><span style=\"color: #000000;\"><strong>Duyurular\u00a0i\u00e7in t\u0131klay\u0131n\u0131z.<\/strong><\/span><\/a><\/h3>\n<\/div><\/div><\/div><\/div><\/div><\/div><div class=\"fusion-clearfix\"><\/div><div class=\"fusion-clearfix\"><\/div>\n\n\t\t\t\t\t<\/div>\n\t\t\t\t<\/div><\/div><\/div><\/p>\n","protected":false},"excerpt":{"rendered":"","protected":false},"author":1,"featured_media":0,"parent":0,"menu_order":0,"comment_status":"open","ping_status":"closed","template":"","meta":[],"_links":{"self":[{"href":"http:\/\/proje.istanbul\/anasayfa\/wp-json\/wp\/v2\/pages\/12063"}],"collection":[{"href":"http:\/\/proje.istanbul\/anasayfa\/wp-json\/wp\/v2\/pages"}],"about":[{"href":"http:\/\/proje.istanbul\/anasayfa\/wp-json\/wp\/v2\/types\/page"}],"author":[{"embeddable":true,"href":"http:\/\/proje.istanbul\/anasayfa\/wp-json\/wp\/v2\/users\/1"}],"replies":[{"embeddable":true,"href":"http:\/\/proje.istanbul\/anasayfa\/wp-json\/wp\/v2\/comments?post=12063"}],"version-history":[{"count":0,"href":"http:\/\/proje.istanbul\/anasayfa\/wp-json\/wp\/v2\/pages\/12063\/revisions"}],"wp:attachment":[{"href":"http:\/\/proje.istanbul\/anasayfa\/wp-json\/wp\/v2\/media?parent=12063"}],"curies":[{"name":"wp","href":"https:\/\/api.w.org\/{rel}","templated":true}]}}